{"id":11552,"date":"2024-06-27T06:28:09","date_gmt":"2024-06-27T06:28:09","guid":{"rendered":"http:\/\/localhost\/agency\/?page_id=11552"},"modified":"2025-11-06T02:51:20","modified_gmt":"2025-11-06T02:51:20","slug":"contact","status":"publish","type":"page","link":"https:\/\/brothersgym.shop\/?page_id=11552","title":{"rendered":"Contact"},"content":{"rendered":"\t\t<div data-elementor-type=\"wp-page\" data-elementor-id=\"11552\" class=\"elementor elementor-11552\">\n\t\t\t\t<div class=\"elementor-element elementor-element-453bb2e e-flex e-con-boxed e-con e-parent\" data-id=\"453bb2e\" data-element_type=\"container\" data-settings=\"{&quot;background_background&quot;:&quot;classic&quot;}\">\n\t\t\t\t\t<div class=\"e-con-inner\">\n\t\t<div class=\"elementor-element elementor-element-3799437 e-con-full e-flex e-con e-child\" data-id=\"3799437\" data-element_type=\"container\">\n\t\t<div class=\"elementor-element elementor-element-01ebdbd e-con-full e-flex e-con e-child\" data-id=\"01ebdbd\" data-element_type=\"container\">\n\t\t\t\t<div class=\"elementor-element elementor-element-5080295 elementor-widget elementor-widget-tts\" data-id=\"5080295\" data-element_type=\"widget\" data-widget_type=\"tts.default\">\n\t\t\t\t<div class=\"elementor-widget-container\">\n\t\t\t\t\t\t\t\t\t\t<!-- title center -->\n\t\t\t\t\t<div class=\"tts text-center\">\n\t\t\t\t\t\t<div class=\"ttin\">\n\n\t\t\t\t\t\t\t<!-- icon position -->\n\t\t\t\t\t\t\t\t\t\t\t\t\t\t\n\t\t\t\t\t\t\t<!-- image -->\n\t\t\t\t\t\t\t\t\t\t\t\t\t\t\t<div class=\"ttit\">\t\t\t\t\t\t\t\t\n\t\t\t\t\t\t\t\t\t<img decoding=\"async\" width=\"152\" height=\"146\" src=\"https:\/\/brothersgym.shop\/wp-content\/uploads\/2024\/11\/Con_1.png\" class=\"attachment-large size-large wp-image-34869\" alt=\"\" \/>\t\t\t\t\t\t\t\t\t\t\t\t\t\t\t\t\n\t\t\t\t\t\t\t\t<\/div>\n\t\t\t\t\t\t\t\t\t\t\t\t\t\t<!-- icon -->\n\t\t\t\t\t\t\t\t\t\t\t\t\t\t\n\t\t\t\t\t\t\t<!-- bar -->\n\t\t\t\t\t\t\t\t\t\t\t\t\t\t<!-- circle bar -->\n\t\t\t\t\t\t\t\n\t\t\t\t\t\t\t\t\n\t\t\t\t\t\t\t<!-- end icon position -->\n\t\t\t\t\t\t\t\t\t\t\t\t\t\n\t\t\t\t\t\t\t<!-- title top -->\n\t\t\t\t\t\t\t\t\t\t\t\t\t\t\t<h4 class=\"txbdstitle tsmall stone hlight txbdbcolor\">Phone : <\/h4>\t\t\n\t\t\t\t\t\t\t\n\n\t\t\t\t\t\t\t<!-- icon position -->\n\t\t\t\t\t\t\t\t\n\t\t\t\t\t\t\t<!-- end icon position -->\n\t\t\t\t\t\t\t\n\t\t\t\t\t\t\t<!-- title middle -->\n\t\t\t\t\t\t\t\t\t\t\t\t\t\t<!-- title bottom -->\n\t\t\t\t\t\t\t\n\t\t\t\t\t\t\t\t\n\t\t\t\t\t\t\t\n\t\t\t\t\t\t\t<!-- content -->\n\t\t\t\t\t\t\t\t\t\t\t\t\t\t\t<p>+593993559409\n <\/p>\t\t\n\t\t\t\t\t\t\t\t\t\t\t\t\t\t\n\t\t\t\t\t\t<\/div>\n\t\t\t\t\t\t\t<!-- inner title -->\n\t\t\t\t\t\t\t\t\t\t\t\t\t\n\t\t\t\t\t<\/div>\n\n\t\t\t\t\t\t\t\t<\/div>\n\t\t\t\t<\/div>\n\t\t\t\t<\/div>\n\t\t<div class=\"elementor-element elementor-element-793dcc3 e-con-full e-flex e-con e-child\" data-id=\"793dcc3\" data-element_type=\"container\">\n\t\t\t\t<div class=\"elementor-element elementor-element-926c469 elementor-widget elementor-widget-tts\" data-id=\"926c469\" data-element_type=\"widget\" data-widget_type=\"tts.default\">\n\t\t\t\t<div class=\"elementor-widget-container\">\n\t\t\t\t\t\t\t\t\t\t<!-- title center -->\n\t\t\t\t\t<div class=\"tts text-center\">\n\t\t\t\t\t\t<div class=\"ttin\">\n\n\t\t\t\t\t\t\t<!-- icon position -->\n\t\t\t\t\t\t\t\t\t\t\t\t\t\t\n\t\t\t\t\t\t\t<!-- image -->\n\t\t\t\t\t\t\t\t\t\t\t\t\t\t\t<div class=\"ttit\">\t\t\t\t\t\t\t\t\n\t\t\t\t\t\t\t\t\t<img decoding=\"async\" width=\"162\" height=\"145\" src=\"https:\/\/brothersgym.shop\/wp-content\/uploads\/2024\/11\/Con_2.png\" class=\"attachment-large size-large wp-image-34870\" alt=\"\" \/>\t\t\t\t\t\t\t\t\t\t\t\t\t\t\t\t\n\t\t\t\t\t\t\t\t<\/div>\n\t\t\t\t\t\t\t\t\t\t\t\t\t\t<!-- icon -->\n\t\t\t\t\t\t\t\t\t\t\t\t\t\t\n\t\t\t\t\t\t\t<!-- bar -->\n\t\t\t\t\t\t\t\t\t\t\t\t\t\t<!-- circle bar -->\n\t\t\t\t\t\t\t\n\t\t\t\t\t\t\t\t\n\t\t\t\t\t\t\t<!-- end icon position -->\n\t\t\t\t\t\t\t\t\t\t\t\t\t\n\t\t\t\t\t\t\t<!-- title top -->\n\t\t\t\t\t\t\t\t\t\t\t\t\t\t\t<h4 class=\"txbdstitle tsmall stone hlight txbdbcolor\">Email : <\/h4>\t\t\n\t\t\t\t\t\t\t\n\n\t\t\t\t\t\t\t<!-- icon position -->\n\t\t\t\t\t\t\t\t\n\t\t\t\t\t\t\t<!-- end icon position -->\n\t\t\t\t\t\t\t\n\t\t\t\t\t\t\t<!-- title middle -->\n\t\t\t\t\t\t\t\t\t\t\t\t\t\t<!-- title bottom -->\n\t\t\t\t\t\t\t\n\t\t\t\t\t\t\t\t\n\t\t\t\t\t\t\t\n\t\t\t\t\t\t\t<!-- content -->\n\t\t\t\t\t\t\t\t\t\t\t\t\t\t\t<p>brothersgym@.com <\/p>\t\t\n\t\t\t\t\t\t\t\t\t\t\t\t\t\t\n\t\t\t\t\t\t<\/div>\n\t\t\t\t\t\t\t<!-- inner title -->\n\t\t\t\t\t\t\t\t\t\t\t\t\t\n\t\t\t\t\t<\/div>\n\n\t\t\t\t\t\t\t\t<\/div>\n\t\t\t\t<\/div>\n\t\t\t\t<\/div>\n\t\t<div class=\"elementor-element elementor-element-0d4441a e-con-full e-flex e-con e-child\" data-id=\"0d4441a\" data-element_type=\"container\">\n\t\t\t\t<div class=\"elementor-element elementor-element-8bfc6f7 elementor-widget elementor-widget-tts\" data-id=\"8bfc6f7\" data-element_type=\"widget\" data-widget_type=\"tts.default\">\n\t\t\t\t<div class=\"elementor-widget-container\">\n\t\t\t\t\t\t\t\t\t\t<!-- title center -->\n\t\t\t\t\t<div class=\"tts text-center\">\n\t\t\t\t\t\t<div class=\"ttin\">\n\n\t\t\t\t\t\t\t<!-- icon position -->\n\t\t\t\t\t\t\t\t\t\t\t\t\t\t\n\t\t\t\t\t\t\t<!-- image -->\n\t\t\t\t\t\t\t\t\t\t\t\t\t\t\t<div class=\"ttit\">\t\t\t\t\t\t\t\t\n\t\t\t\t\t\t\t\t\t<img decoding=\"async\" width=\"139\" height=\"150\" src=\"https:\/\/brothersgym.shop\/wp-content\/uploads\/2024\/11\/Con_3.png\" class=\"attachment-large size-large wp-image-34871\" alt=\"\" \/>\t\t\t\t\t\t\t\t\t\t\t\t\t\t\t\t\n\t\t\t\t\t\t\t\t<\/div>\n\t\t\t\t\t\t\t\t\t\t\t\t\t\t<!-- icon -->\n\t\t\t\t\t\t\t\t\t\t\t\t\t\t\n\t\t\t\t\t\t\t<!-- bar -->\n\t\t\t\t\t\t\t\t\t\t\t\t\t\t<!-- circle bar -->\n\t\t\t\t\t\t\t\n\t\t\t\t\t\t\t\t\n\t\t\t\t\t\t\t<!-- end icon position -->\n\t\t\t\t\t\t\t\t\t\t\t\t\t\n\t\t\t\t\t\t\t<!-- title top -->\n\t\t\t\t\t\t\t\t\t\t\t\t\t\t\t<h4 class=\"txbdstitle tsmall stone hlight txbdbcolor\">Address : <\/h4>\t\t\n\t\t\t\t\t\t\t\n\n\t\t\t\t\t\t\t<!-- icon position -->\n\t\t\t\t\t\t\t\t\n\t\t\t\t\t\t\t<!-- end icon position -->\n\t\t\t\t\t\t\t\n\t\t\t\t\t\t\t<!-- title middle -->\n\t\t\t\t\t\t\t\t\t\t\t\t\t\t<!-- title bottom -->\n\t\t\t\t\t\t\t\n\t\t\t\t\t\t\t\t\n\t\t\t\t\t\t\t\n\t\t\t\t\t\t\t<!-- content -->\n\t\t\t\t\t\t\t\t\t\t\t\t\t\t\t<p>Santa Elena, Ecuador  <\/p>\t\t\n\t\t\t\t\t\t\t\t\t\t\t\t\t\t\n\t\t\t\t\t\t<\/div>\n\t\t\t\t\t\t\t<!-- inner title -->\n\t\t\t\t\t\t\t\t\t\t\t\t\t\n\t\t\t\t\t<\/div>\n\n\t\t\t\t\t\t\t\t<\/div>\n\t\t\t\t<\/div>\n\t\t\t\t<\/div>\n\t\t\t\t<\/div>\n\t\t\t\t\t<\/div>\n\t\t\t\t<\/div>\n\t\t<div class=\"elementor-element elementor-element-cc6e252 e-flex e-con-boxed e-con e-parent\" data-id=\"cc6e252\" data-element_type=\"container\" data-settings=\"{&quot;background_background&quot;:&quot;classic&quot;}\">\n\t\t\t\t\t<div class=\"e-con-inner\">\n\t\t<div class=\"elementor-element elementor-element-c99ffa9 e-con-full e-flex e-con e-child\" data-id=\"c99ffa9\" data-element_type=\"container\" data-settings=\"{&quot;background_background&quot;:&quot;classic&quot;}\">\n\t\t<div class=\"elementor-element elementor-element-3ec5ced e-con-full e-flex e-con e-child\" data-id=\"3ec5ced\" data-element_type=\"container\">\n\t\t\t\t<div class=\"elementor-element elementor-element-3b124b9 crofit-star-rating--align-center crofit-star-rating--align-center elementor-widget elementor-widget-witr_section_apartment\" data-id=\"3b124b9\" data-element_type=\"widget\" data-widget_type=\"witr_section_apartment.default\">\n\t\t\t\t<div class=\"elementor-widget-container\">\n\t\t\t\t\t\n\t\t\t\t\t<div class=\"apartment_area\">\t\t\t\t\n\t\t\t\t\t\t<div class=\"apartment_text\">\t\t\n\t\t\t\t\t\t\t<!-- title -->\n\t\t\t\t\t\t\t\t\t\n\t\t\t\t\t\t\t<!-- content -->\n\t\t\t\t\t\t\t\t\t\t\t\t\t\t\t<h2>\nEnv\u00edanos un mensaje... <\/h2>\t\t\n\t\t\t\t\t\t\t\t\t\t\t\t\t\t\n\t\t\t\t\t\t<\/div>\t\t\n\t\t\t\t\t\t<div class=\"witr_apartment_form\">\t\t\t\t\t\n\t\t\t\t\t\t\n<div class=\"wpcf7 no-js\" id=\"wpcf7-f22637-o1\" lang=\"en-US\" dir=\"ltr\" data-wpcf7-id=\"22637\">\n<div class=\"screen-reader-response\"><p role=\"status\" aria-live=\"polite\" aria-atomic=\"true\"><\/p> <ul><\/ul><\/div>\n<form action=\"\/index.php?rest_route=%2Fwp%2Fv2%2Fpages%2F11552#wpcf7-f22637-o1\" method=\"post\" class=\"wpcf7-form init\" aria-label=\"Contact form\" novalidate=\"novalidate\" data-status=\"init\">\n<fieldset class=\"hidden-fields-container\"><input type=\"hidden\" name=\"_wpcf7\" value=\"22637\" \/><input type=\"hidden\" name=\"_wpcf7_version\" value=\"6.1.3\" \/><input type=\"hidden\" name=\"_wpcf7_locale\" value=\"en_US\" \/><input type=\"hidden\" name=\"_wpcf7_unit_tag\" value=\"wpcf7-f22637-o1\" \/><input type=\"hidden\" name=\"_wpcf7_container_post\" value=\"0\" \/><input type=\"hidden\" name=\"_wpcf7_posted_data_hash\" value=\"\" \/>\n<\/fieldset>\n<div class=\"row\">\n\t<div class=\"col-lg-6 col-md-6\">\n\t\t<div class=\"twr_form_box\">\n\t\t\t<p><span class=\"wpcf7-form-control-wrap\" data-name=\"text-30\"><input size=\"40\" maxlength=\"400\" class=\"wpcf7-form-control wpcf7-text wpcf7-validates-as-required form-control\" aria-required=\"true\" aria-invalid=\"false\" placeholder=\"Name\" value=\"\" type=\"text\" name=\"text-30\" \/><\/span>\n\t\t\t<\/p>\n\t\t<\/div>\n\t<\/div>\n\t<div class=\"col-lg-6 col-md-6\">\n\t\t<div class=\"twr_form_box\">\n\t\t\t<p><span class=\"wpcf7-form-control-wrap\" data-name=\"email-380\"><input size=\"40\" maxlength=\"400\" class=\"wpcf7-form-control wpcf7-email wpcf7-validates-as-required wpcf7-text wpcf7-validates-as-email form-control\" aria-required=\"true\" aria-invalid=\"false\" placeholder=\"Email\" value=\"\" type=\"email\" name=\"email-380\" \/><\/span>\n\t\t\t<\/p>\n\t\t<\/div>\n\t<\/div>\n\t<div class=\"col-lg-6 col-md-6\">\n\t\t<div class=\"twr_form_box\">\n\t\t\t<p><span class=\"wpcf7-form-control-wrap\" data-name=\"number-19\"><input class=\"wpcf7-form-control wpcf7-number wpcf7-validates-as-required wpcf7-validates-as-number form-control\" aria-required=\"true\" aria-invalid=\"false\" placeholder=\"Phone\" value=\"\" type=\"number\" name=\"number-19\" \/><\/span>\n\t\t\t<\/p>\n\t\t<\/div>\n\t<\/div>\n\t<div class=\"col-lg-6 col-md-6\">\n\t\t<div class=\"twr_form_box\">\n\t\t\t<p><span class=\"wpcf7-form-control-wrap\" data-name=\"text-120\"><input size=\"40\" maxlength=\"400\" class=\"wpcf7-form-control wpcf7-text wpcf7-validates-as-required form-control\" aria-required=\"true\" aria-invalid=\"false\" placeholder=\"Subject*\" value=\"\" type=\"text\" name=\"text-120\" \/><\/span>\n\t\t\t<\/p>\n\t\t<\/div>\n\t<\/div>\n\t<div class=\"col-lg-12 col-md-12\">\n\t\t<div class=\"twr_form_box \">\n\t\t\t<p><span class=\"wpcf7-form-control-wrap\" data-name=\"textarea\"><textarea cols=\"40\" rows=\"6\" maxlength=\"2000\" class=\"wpcf7-form-control wpcf7-textarea wpcf7-validates-as-required form-control\" aria-required=\"true\" aria-invalid=\"false\" placeholder=\"Message\" name=\"textarea\"><\/textarea><\/span>\n\t\t\t<\/p>\n\t\t<\/div>\n\t\t<div class=\" text-center\">\n\t\t\t<p><button type=\"submit\" class=\"btn btn-primary\">Send Messege <\/button>\n\t\t\t<\/p>\n\t\t<\/div>\n\t<\/div>\n<\/div><p style=\"display: none !important;\" class=\"akismet-fields-container\" data-prefix=\"_wpcf7_ak_\"><label>&#916;<textarea name=\"_wpcf7_ak_hp_textarea\" cols=\"45\" rows=\"8\" maxlength=\"100\"><\/textarea><\/label><input type=\"hidden\" id=\"ak_js_1\" name=\"_wpcf7_ak_js\" value=\"2\"\/><script>document.getElementById( \"ak_js_1\" ).setAttribute( \"value\", ( new Date() ).getTime() );<\/script><\/p><div class=\"wpcf7-response-output\" aria-hidden=\"true\"><\/div>\n<\/form>\n<\/div>\n\t\t\t\t\t\t\t\t\n\t\t\t\t\t\t<\/div>\n\t\t\t\t\t<\/div>\t\t\t\t\t\n\t\t\n\t\t\t\t\t\t<\/div>\n\t\t\t\t<\/div>\n\t\t\t\t<\/div>\n\t\t<div class=\"elementor-element elementor-element-6f6a13d e-con-full e-flex e-con e-child\" data-id=\"6f6a13d\" data-element_type=\"container\">\n\t\t\t\t<\/div>\n\t\t\t\t<\/div>\n\t\t\t\t\t<\/div>\n\t\t\t\t<\/div>\n\t\t<div class=\"elementor-element elementor-element-74d106c e-flex e-con-boxed e-con e-child\" data-id=\"74d106c\" data-element_type=\"container\" data-settings=\"{&quot;background_background&quot;:&quot;classic&quot;}\">\n\t\t\t\t\t<div class=\"e-con-inner\">\n\t\t\t\t<div class=\"elementor-element elementor-element-a316241 elementor-widget elementor-widget-carsoulw\" data-id=\"a316241\" data-element_type=\"widget\" data-widget_type=\"carsoulw.default\">\n\t\t\t\t<div class=\"elementor-widget-container\">\n\t\t\t\t\t\t<!--======  START wittr_car_top_right ======-->\n\t<div class=\"txbdicarosel allcostyle\">\n\t\t<div class=\"witr_carousel_main row witr_slick_active row\" dir=\"ltr\" data-witrshowdata=\"{&quot;witr_infiv&quot;:true,&quot;witr_stsv&quot;:5,&quot;witr_stsr&quot;:1,&quot;witr_apv&quot;:true,&quot;witr_apsv&quot;:6000,&quot;witr_spv&quot;:2000,&quot;witr_pohv&quot;:true,&quot;witr_cmv&quot;:true,&quot;witr_cpv&quot;:&quot;0px&quot;,&quot;witr_fadev&quot;:false,&quot;witr_arrv&quot;:true,&quot;witr_dotv&quot;:false,&quot;witr_bpdv&quot;:1200,&quot;witr_shv&quot;:4,&quot;witr_bptv&quot;:992,&quot;witr_tshv&quot;:3,&quot;witr_bpmv&quot;:767,&quot;witr_mshv&quot;:1,&quot;witr_bpsmv&quot;:480,&quot;witr_smshv&quot;:1}\"style=\"display:block\">\n\t\t\t\t\t\t\t\t\t\t\n\t\t\n\t\t\t\t\t<div class=\"slide_items  \">\n\t\t\t\t\t<!-- image -->\n\t\t\t\t\t<img loading=\"lazy\" decoding=\"async\" width=\"236\" height=\"277\" src=\"https:\/\/brothersgym.shop\/wp-content\/uploads\/2025\/11\/Captura-de-pantalla-2025-11-04-214947.png\" class=\"attachment-large size-large wp-image-35124\" alt=\"\" \/>\t\t\t\t\t\t\t\t\t\n\t\t\t\t\t<\/div>\n\t\t\t\t\n\t\t\t\t\t\n\t\t\t\t\t\t\t\t\t\t\t\n\t\t\n\t\t\t\t\t<div class=\"slide_items  \">\n\t\t\t\t\t<!-- image -->\n\t\t\t\t\t<img loading=\"lazy\" decoding=\"async\" width=\"231\" height=\"232\" src=\"https:\/\/brothersgym.shop\/wp-content\/uploads\/2025\/11\/Captura-de-pantalla-2025-11-04-215255.png\" class=\"attachment-large size-large wp-image-35125\" alt=\"\" srcset=\"https:\/\/brothersgym.shop\/wp-content\/uploads\/2025\/11\/Captura-de-pantalla-2025-11-04-215255.png 231w, https:\/\/brothersgym.shop\/wp-content\/uploads\/2025\/11\/Captura-de-pantalla-2025-11-04-215255-150x150.png 150w, https:\/\/brothersgym.shop\/wp-content\/uploads\/2025\/11\/Captura-de-pantalla-2025-11-04-215255-70x70.png 70w\" sizes=\"(max-width: 231px) 100vw, 231px\" \/>\t\t\t\t\t\t\t\t\t\n\t\t\t\t\t<\/div>\n\t\t\t\t\n\t\t\t\t\t\n\t\t\t\t\t\t\t\t\t\t\t\n\t\t\n\t\t\t\t\t<div class=\"slide_items  \">\n\t\t\t\t\t<!-- image -->\n\t\t\t\t\t<img loading=\"lazy\" decoding=\"async\" width=\"228\" height=\"214\" src=\"https:\/\/brothersgym.shop\/wp-content\/uploads\/2025\/11\/Captura-de-pantalla-2025-11-04-215326.png\" class=\"attachment-large size-large wp-image-35126\" alt=\"\" \/>\t\t\t\t\t\t\t\t\t\n\t\t\t\t\t<\/div>\n\t\t\t\t\n\t\t\t\t\t\n\t\t\t\t\t\t\t\t\t\t\t\n\t\t\n\t\t\t\t\t<div class=\"slide_items  \">\n\t\t\t\t\t<!-- image -->\n\t\t\t\t\t<img loading=\"lazy\" decoding=\"async\" width=\"200\" height=\"169\" src=\"https:\/\/brothersgym.shop\/wp-content\/uploads\/2025\/11\/Captura-de-pantalla-2025-11-04-215414.png\" class=\"attachment-large size-large wp-image-35127\" alt=\"\" \/>\t\t\t\t\t\t\t\t\t\n\t\t\t\t\t<\/div>\n\t\t\t\t\n\t\t\t\t\t\n\t\t\t\t\t\t\t\t\t\t\t\n\t\t\n\t\t\t\t\t<div class=\"slide_items  \">\n\t\t\t\t\t<!-- image -->\n\t\t\t\t\t<img loading=\"lazy\" decoding=\"async\" width=\"212\" height=\"208\" src=\"https:\/\/brothersgym.shop\/wp-content\/uploads\/2025\/11\/Captura-de-pantalla-2025-11-04-215443.png\" class=\"attachment-large size-large wp-image-35128\" alt=\"\" srcset=\"https:\/\/brothersgym.shop\/wp-content\/uploads\/2025\/11\/Captura-de-pantalla-2025-11-04-215443.png 212w, https:\/\/brothersgym.shop\/wp-content\/uploads\/2025\/11\/Captura-de-pantalla-2025-11-04-215443-70x70.png 70w\" sizes=\"(max-width: 212px) 100vw, 212px\" \/>\t\t\t\t\t\t\t\t\t\n\t\t\t\t\t<\/div>\n\t\t\t\t\n\t\t\t\t\t\n\t\t\t\t\t\t<\/div>\t\t\t\t\t\t\n\t\t\t\t\t\t\n\t<\/div>\n\t<!--====== PART ENDS ======-->\t\t\n\t\t\t\t<\/div>\n\t\t\t\t<\/div>\n\t\t\t\t\t<\/div>\n\t\t\t\t<\/div>\n\t\t<div class=\"elementor-element elementor-element-bfa4a7c e-flex e-con-boxed e-con e-child\" data-id=\"bfa4a7c\" data-element_type=\"container\" data-settings=\"{&quot;background_background&quot;:&quot;classic&quot;}\">\n\t\t\t\t\t<div class=\"e-con-inner\">\n\t\t<div class=\"elementor-element elementor-element-1b6ceeb e-con-full e-flex e-con e-child\" data-id=\"1b6ceeb\" data-element_type=\"container\">\n\t\t\t\t<div class=\"elementor-element elementor-element-f7e6c6a elementor-widget elementor-widget-witrsimage\" data-id=\"f7e6c6a\" data-element_type=\"widget\" data-widget_type=\"witrsimage.default\">\n\t\t\t\t<div class=\"elementor-widget-container\">\n\t\t\t\t\t\t\n\t\t<div class=\"single_image_area\">\n\t\t\t<div class=\"single_image single_line_option  \">\n\t\t\t\t<!-- image -->\n\t\t\t\t<img loading=\"lazy\" decoding=\"async\" width=\"452\" height=\"151\" src=\"https:\/\/brothersgym.shop\/wp-content\/uploads\/2024\/11\/dumble-bg.png\" class=\"attachment-large size-large wp-image-34650\" alt=\"\" srcset=\"https:\/\/brothersgym.shop\/wp-content\/uploads\/2024\/11\/dumble-bg.png 452w, https:\/\/brothersgym.shop\/wp-content\/uploads\/2024\/11\/dumble-bg-300x100.png 300w\" sizes=\"(max-width: 452px) 100vw, 452px\" \/>\t\t\n\t\t\t\t\t\t\t\t\t\t\t<\/div>\n\t\t<\/div>\n\t\t\t\n\t\t\t\n\t\t\n\t\t\t\n\t\t\t\t\t\t<\/div>\n\t\t\t\t<\/div>\n\t\t\t\t<\/div>\n\t\t<div class=\"elementor-element elementor-element-e5489a1 e-con-full e-flex e-con e-child\" data-id=\"e5489a1\" data-element_type=\"container\">\n\t\t\t\t<div class=\"elementor-element elementor-element-cba529b elementor-widget elementor-widget-tts\" data-id=\"cba529b\" data-element_type=\"widget\" data-widget_type=\"tts.default\">\n\t\t\t\t<div class=\"elementor-widget-container\">\n\t\t\t\t\t\t\t\t\t\t<!-- title left -->\n\t\t\t\t\t<div class=\"tts text-left\">\n\t\t\t\t\t\t<div class=\"ttin\">\n\t\t\t\t\t\t\n\t\t\t\t\t\t\t<!-- icon position -->\n\t\t\t\t\t\t\t\t\n\t\t\t\t\t\t\t<!-- end icon position -->\n\t\t\t\t\t\t\t\n\t\t\t\t\t\t\t<!-- title top -->\n\t\t\t\t\t\t\t\n\n\t\t\t\t\t\t\t<!-- icon position -->\n\t\t\t\t\t\t\t\t\n\t\t\t\t\t\t\t<!-- end icon position -->\n\n\t\t\t\t\t\t\t<!-- title middle -->\n\t\t\t\t\t\t\t\t\t\t\t\t\t\t\t<h2 class=\"txbdstitle sttwo hlight\"><span>Suscr\u00edbete<\/span> a nuestro bolet\u00edn informativo\n\n<\/h2>\n\t\t\t\t\t\t\t\t\t\t\t\t\t\t<!-- title bottom -->\n\t\t\t\t\t\t\t\n\t\t\t\t\t\t\t\t\t\t\t\t\t\t\n\t\t\t\t\t\t\t<!-- image -->\n\t\t\t\t\t\t\t\t\t\t\t\t\t\t<!-- icon -->\n\t\t\t\t\t\t\t\t\t\t\t\t\t\t\n\t\t\t\t\t\t\t<!-- bar -->\n\t\t\t\t\t\t\t\t\t\t\t\t\t\t<!-- circle bar -->\n\t\t\t\t\t\t\t\t\t\t\t\t\t\t\n\t\t\t\t\t\t\t\t\n\t\t\t\t\t\t\t\n\t\t\t\t\t\t\t<!-- content -->\n\t\t\t\t\t\t\t\t\n\t\t\t\t\t\t<\/div>\n\t\t\t\t\t\t\t<!-- inner title -->\n\t\t\t\t\t\t\t\t\t\t\t\t\t\n\t\t\t\t\t<\/div>\t\t\t\t\n\t\t\t\t\t\t\t\t<\/div>\n\t\t\t\t<\/div>\n\t\t\t\t<div class=\"elementor-element elementor-element-7d09c0a elementor-widget elementor-widget-shortcode\" data-id=\"7d09c0a\" data-element_type=\"widget\" data-widget_type=\"shortcode.default\">\n\t\t\t\t\t\t\t<div class=\"elementor-shortcode\"><script>(function() {\n\twindow.mc4wp = window.mc4wp || {\n\t\tlisteners: [],\n\t\tforms: {\n\t\t\ton: function(evt, cb) {\n\t\t\t\twindow.mc4wp.listeners.push(\n\t\t\t\t\t{\n\t\t\t\t\t\tevent   : evt,\n\t\t\t\t\t\tcallback: cb\n\t\t\t\t\t}\n\t\t\t\t);\n\t\t\t}\n\t\t}\n\t}\n})();\n<\/script><!-- Mailchimp for WordPress v4.10.8 - https:\/\/wordpress.org\/plugins\/mailchimp-for-wp\/ --><form id=\"mc4wp-form-1\" class=\"mc4wp-form mc4wp-form-673\" method=\"post\" data-id=\"673\" data-name=\"\" ><div class=\"mc4wp-form-fields\"><p>\r\n<input type=\"email\" name=\"EMAIL\" placeholder=\"Email\" required=\"\">\r\n<button type=\"submit\" value=\"Subscribe\">\r\n<span>Subscribe<\/span>\r\n<\/button>\r\n<\/p><p>\r\n    <label>\r\n        <input type=\"checkbox\" name=\"AGREE_TO_TERMS\" value=\"1\" required=\"\">I have read and agree to the terms &amp; conditions<\/label>\r\n<\/p>\r\n<\/div><label style=\"display: none !important;\">Deja este campo vac\u00edo si eres humano: <input type=\"text\" name=\"_mc4wp_honeypot\" value=\"\" tabindex=\"-1\" autocomplete=\"off\" \/><\/label><input type=\"hidden\" name=\"_mc4wp_timestamp\" value=\"1778392236\" \/><input type=\"hidden\" name=\"_mc4wp_form_id\" value=\"673\" \/><input type=\"hidden\" name=\"_mc4wp_form_element_id\" value=\"mc4wp-form-1\" \/><div class=\"mc4wp-response\"><\/div><\/form><!-- \/ Mailchimp for WordPress Plugin --><\/div>\n\t\t\t\t\t\t<\/div>\n\t\t\t\t<\/div>\n\t\t\t\t\t<\/div>\n\t\t\t\t<\/div>\n\t\t<div class=\"elementor-element elementor-element-1ff4055 e-con-full e-flex e-con e-parent\" data-id=\"1ff4055\" data-element_type=\"container\">\n\t\t\t\t<div class=\"elementor-element elementor-element-3f003ed elementor-widget elementor-widget-google_maps\" data-id=\"3f003ed\" data-element_type=\"widget\" data-widget_type=\"google_maps.default\">\n\t\t\t\t\t\t\t<div class=\"elementor-custom-embed\">\n\t\t\t<iframe loading=\"lazy\"\n\t\t\t\t\tsrc=\"https:\/\/maps.google.com\/maps?q=santa%20elena%20ecuador%20&#038;t=m&#038;z=15&#038;output=embed&#038;iwloc=near\"\n\t\t\t\t\ttitle=\"santa elena ecuador \"\n\t\t\t\t\taria-label=\"santa elena ecuador \"\n\t\t\t><\/iframe>\n\t\t<\/div>\n\t\t\t\t\t\t<\/div>\n\t\t\t\t<\/div>\n\t\t\t\t<\/div>\n\t\t","protected":false},"excerpt":{"rendered":"<p>Phone : +593993559409 Email : brothersgym@.com Address : Santa Elena, Ecuador Env\u00edanos un mensaje&#8230; Send Messege &#916; Suscr\u00edbete a nuestro bolet\u00edn informativo<\/p>\n","protected":false},"author":1,"featured_media":0,"parent":0,"menu_order":0,"comment_status":"closed","ping_status":"closed","template":"template-home.php","meta":{"footnotes":""},"class_list":["post-11552","page","type-page","status-publish","hentry"],"_links":{"self":[{"href":"https:\/\/brothersgym.shop\/index.php?rest_route=\/wp\/v2\/pages\/11552","targetHints":{"allow":["GET"]}}],"collection":[{"href":"https:\/\/brothersgym.shop\/index.php?rest_route=\/wp\/v2\/pages"}],"about":[{"href":"https:\/\/brothersgym.shop\/index.php?rest_route=\/wp\/v2\/types\/page"}],"author":[{"embeddable":true,"href":"https:\/\/brothersgym.shop\/index.php?rest_route=\/wp\/v2\/users\/1"}],"replies":[{"embeddable":true,"href":"https:\/\/brothersgym.shop\/index.php?rest_route=%2Fwp%2Fv2%2Fcomments&post=11552"}],"version-history":[{"count":13,"href":"https:\/\/brothersgym.shop\/index.php?rest_route=\/wp\/v2\/pages\/11552\/revisions"}],"predecessor-version":[{"id":35202,"href":"https:\/\/brothersgym.shop\/index.php?rest_route=\/wp\/v2\/pages\/11552\/revisions\/35202"}],"wp:attachment":[{"href":"https:\/\/brothersgym.shop\/index.php?rest_route=%2Fwp%2Fv2%2Fmedia&parent=11552"}],"curies":[{"name":"wp","href":"https:\/\/api.w.org\/{rel}","templated":true}]}}